{"id":114,"date":"2020-05-11T16:14:01","date_gmt":"2020-05-11T14:14:01","guid":{"rendered":"https:\/\/marblo.be\/?page_id=114"},"modified":"2020-06-10T16:50:37","modified_gmt":"2020-06-10T14:50:37","slug":"disclaimer","status":"publish","type":"page","link":"https:\/\/marblo.be\/fr\/disclaimer\/","title":{"rendered":"Clause de non-responsabilit\u00e9"},"content":{"rendered":"<h3>Ce site web est la propri\u00e9t\u00e9 de Willy Naessens Group.<\/h3>\n<h2><\/h2>\n<h2><\/h2>\n<h3>Informations personnelles:<\/h3>\n<p>Willy Naessens Group<\/p>\n<p>Kouter 3<br \/>\n9790 Wortegem-Petegem<\/p>\n<p>Telefoon: +32 (0)56 694 111<br \/>\nFax: +32 (0)56 689 466<br \/>\nE-mail:\u00a0<a class=\"sw_alink\" href=\"mailto:info@willynaessens.be\" target=\"_blank\" rel=\"noopener noreferrer\">info@willynaessens.be<\/a><\/p>\n<p>Ondernemingsnummer: BTW BE 0418 972 989<\/p>\n<p>En acc\u00e9dant \u00e0 ce site web en l&rsquo;utilisant, vous marquez explicitement votre accord avec les conditions g\u00e9n\u00e9rales suivantes.<\/p>\n<h3>Droits de propri\u00e9t\u00e9 intellectuelle<\/h3>\n<p>Le contenu de ce site, y compris les marques, logos, dessins, donn\u00e9es, noms de produits ou d\u2019entreprises, textes, images, etc. sont prot\u00e9g\u00e9s par des droits de propri\u00e9t\u00e9 intellectuelle appartenant \u00e0 Willy Naessens Group ou \u00e0 des tiers titulaires de ces droits.<\/p>\n<h3>Limite de responsabilit\u00e9<\/h3>\n<p>Les informations contenues sur ce site web sont de nature g\u00e9n\u00e9rale. Ces informations ne sont pas adapt\u00e9es \u00e0 des circonstances personnelles ou sp\u00e9cifiques et ne peuvent donc \u00eatre consid\u00e9r\u00e9es comme un conseil personnel, professionnel ou juridique \u00e0 l\u2019utilisateur.<\/p>\n<p>Willy Naessens Group consent de gros efforts pour que les informations mises \u00e0 disposition soient compl\u00e8tes, correctes, exhaustives et \u00e0 jour. Malgr\u00e9 ces efforts, des erreurs peuvent figurer dans les informations mises \u00e0 votre disposition. Si les informations diffus\u00e9es sur le site comportaient des erreurs ou si certaines informations \u00e9taient indisponibles sur ou via le site, Willy Naessens Group mettra tout en oeuvre pour rectifier la situation.<\/p>\n<p>Willy Naessens Group ne peut toutefois pas \u00eatre tenue responsable de dommages directs ou indirects r\u00e9sultant de l\u2019utilisation des informations mises \u00e0 disposition sur le site.<\/p>\n<p>Si vous veniez \u00e0 constater des erreurs dans les informations mises \u00e0 disposition sur le site, vous pouvez contacter le gestionnaire du site.<\/p>\n<p>Le contenu du site (y compris les liens) peut \u00eatre adapt\u00e9, modifi\u00e9 ou compl\u00e9t\u00e9 \u00e0 tout moment sans avertissement ni communication aucune. Willy Naessens Group n\u2019octroie aucune garantie de bon fonctionnement du site web et ne peut en aucune mani\u00e8re \u00eatre tenue responsable d\u2019un dysfonctionnement du site, d\u2019une non-disponibilit\u00e9 provisoire du site ou de toute forme de dommages, directs ou indirects, pouvant r\u00e9sulter de l\u2019acc\u00e8s au site et de l\u2019usage du site.<\/p>\n<p>En aucun cas, Willy Naessens Group ne pourra \u00eatre tenue pour responsable envers quiconque, d\u2019une mani\u00e8re directe, indirecte, sp\u00e9ciale ou autre, des dommages qui pourraient r\u00e9sulter de l\u2019usage de ce site ou d\u2019un autre, en raison notamment des connexions ou des liens hypertextes, incluant, sans limitation, toute perte, interruption du travail, d\u00e9t\u00e9rioration de programmes ou de donn\u00e9es sur le syst\u00e8me informatique, le mat\u00e9riel, les logiciels, etc. de l\u2019utilisateur.<\/p>\n<p>Le site web peut contenir des liens hypertextes vers des sites ou pages web de tiers ou y faire r\u00e9f\u00e9rence de mani\u00e8re indirecte. La pr\u00e9sence de liens vers ces sites ou pages web ne signifie nullement une approbation implicite du contenu de ces sites ou pages.<\/p>\n<p>Willy Naessens Group d\u00e9clare explicitement qu\u2019elle n\u2019a aucune autorit\u00e9 sur le contenu ou sur les autres caract\u00e9ristiques de ces sites ou pages web et ne peut en aucun cas \u00eatre tenue responsable du contenu ou des caract\u00e9ristiques desdits sites ou pages web, ni de dommages pouvant r\u00e9sulter de leur utilisation.<\/p>\n<h3>Droit applicable et tribunaux comp\u00e9tents<\/h3>\n<p>Ce site est r\u00e9gi par le droit belge en vigueur. Seuls les tribunaux de l\u2019arrondissement de Oudenaarde sont comp\u00e9tents en cas de litige.<\/p>\n<h3>Politique de respect de la vie priv\u00e9e<\/h3>\n<p>Willy Naessens Group se soucie du respect de votre vie priv\u00e9e. Bien que la plupart des informations contenues sur ce site soient disponibles sans que les donn\u00e9es personnelles de l\u2019utilisateur ne soient n\u00e9cessaires, il est possible que l\u2019utilisateur soit invit\u00e9 \u00e0 fournir des informations personnelles.(par exemple notre gestion clients, pour vous tenir au courant de nos activit\u00e9s, \u2026). L\u2019utilisateur peut toujours s\u2019opposer, gratuitement et sur demande, \u00e0 l\u2019utilisation de ses donn\u00e9es personnelles \u00e0 des fins de marketing direct. Pour ce faire, il devra s\u2019adresser \u00e0 Willy Naessens Group, Kouter 3, 9790 Wortegem-Petegem, info@willynaessens.be. Vos donn\u00e9es personnelles ne sont jamais communiqu\u00e9es \u00e0 des tiers (dans le cas contraire, indiquer \u00e0 qui).<\/p>\n<p>Conform\u00e9ment \u00e0 la loi du 08\/12\/1992 relative \u00e0 la protection des donn\u00e9es \u00e0 caract\u00e8re personnel, l\u2019utilisateur dispose d\u2019un droit l\u00e9gal de consultation et \u00e9ventuellement de correction de ses donn\u00e9es personnelles. Sur preuve de votre identit\u00e9 (copie de la carte d\u2019identit\u00e9), vous pouvez, sur demande \u00e9crite, sign\u00e9e et dat\u00e9e adress\u00e9e \u00e0 Willy Naessens Group, Kouter 3, 9790 Wortegem-Petegem, info@willynaessens.be, recevoir gratuitement un compte rendu par \u00e9crit de vos donn\u00e9es personnelles. Le cas \u00e9ch\u00e9ant, vous pouvez \u00e9galement demander la correction des donn\u00e9es personnelles vous concernant qui sont incorrectes, incompl\u00e8tes ou erron\u00e9es.<\/p>\n<p>Willy Naessens Group peut r\u00e9colter des informations anonymes ou agr\u00e9g\u00e9es non personnelles telles que la version du navigateur ou l\u2019adresse IP, le syst\u00e8me d\u2019exploitation que vous utilisez ou le nom de domaine du site gr\u00e2ce auquel vous visitez le site d\u2019UNIZO ou vers lequel vous le quittez. Ceci nous permet d\u2019optimaliser en permanence le site web UNIZO pour les utilisateurs.<\/p>\n<h3>Utilisation de cookies<\/h3>\n<p>Durant une visite sur le site, des cookies peuvent \u00eatre install\u00e9s sur le disque dur de votre ordinateur, et ce uniquement dans le but de mieux adapter le site web aux besoins du visiteur r\u00e9current. Ces minifichiers ou cookies ne sont pas utilis\u00e9s pour analyser la mani\u00e8re dont le visiteur surfe sur d\u2019autres sites. Votre navigateur internet vous permet de bloquer l\u2019utilisation de cookies, d\u2019\u00eatre inform\u00e9 au pr\u00e9alable de l\u2019installation d\u2019un cookie, ou de supprimer ult\u00e9rieurement les cookies de votre disque dur. Consultez la fonction d\u2019aide de votre navigateur internet pour en savoir plus \u00e0 ce sujet.<\/p>\n","protected":false},"excerpt":{"rendered":"<p>Ce site web est la propri\u00e9t\u00e9 de Willy Naessens Group. Informations personnelles: Willy Naessens Group Kouter 3 9790 Wortegem-Petegem Telefoon: +32 (0)56 694 111 Fax: +32 (0)56 689 466 E-mail:\u00a0info@willynaessens.be Ondernemingsnummer: BTW BE 0418 972 989 En acc\u00e9dant \u00e0 ce site web en l&rsquo;utilisant, vous marquez explicitement votre accord avec les conditions g\u00e9n\u00e9rales suivantes. Droits [&hellip;]<\/p>\n","protected":false},"author":1,"featured_media":0,"parent":0,"menu_order":0,"comment_status":"closed","ping_status":"closed","template":"","meta":[],"acf":[],"yoast_head":"<!-- This site is optimized with the Yoast SEO plugin v20.9 - https:\/\/yoast.com\/wordpress\/plugins\/seo\/ -->\n<title>Clause de non-responsabilit\u00e9 - Marblo Culinair<\/title>\n<meta name=\"robots\" content=\"index, follow, max-snippet:-1, max-image-preview:large, max-video-preview:-1\" \/>\n<link rel=\"canonical\" href=\"https:\/\/marblo.be\/fr\/disclaimer\/\" \/>\n<meta property=\"og:locale\" content=\"fr_FR\" \/>\n<meta property=\"og:type\" content=\"article\" \/>\n<meta property=\"og:title\" content=\"Clause de non-responsabilit\u00e9 - Marblo Culinair\" \/>\n<meta property=\"og:description\" content=\"Ce site web est la propri\u00e9t\u00e9 de Willy Naessens Group. Informations personnelles: Willy Naessens Group Kouter 3 9790 Wortegem-Petegem Telefoon: +32 (0)56 694 111 Fax: +32 (0)56 689 466 E-mail:\u00a0info@willynaessens.be Ondernemingsnummer: BTW BE 0418 972 989 En acc\u00e9dant \u00e0 ce site web en l&rsquo;utilisant, vous marquez explicitement votre accord avec les conditions g\u00e9n\u00e9rales suivantes. Droits [&hellip;]\" \/>\n<meta property=\"og:url\" content=\"https:\/\/marblo.be\/fr\/disclaimer\/\" \/>\n<meta property=\"og:site_name\" content=\"Marblo Culinair\" \/>\n<meta property=\"article:modified_time\" content=\"2020-06-10T14:50:37+00:00\" \/>\n<meta name=\"twitter:card\" content=\"summary_large_image\" \/>\n<meta name=\"twitter:label1\" content=\"Dur\u00e9e de lecture estim\u00e9e\" \/>\n\t<meta name=\"twitter:data1\" content=\"5 minutes\" \/>\n<script type=\"application\/ld+json\" class=\"yoast-schema-graph\">{\"@context\":\"https:\/\/schema.org\",\"@graph\":[{\"@type\":\"WebPage\",\"@id\":\"https:\/\/marblo.be\/fr\/disclaimer\/\",\"url\":\"https:\/\/marblo.be\/fr\/disclaimer\/\",\"name\":\"Clause de non-responsabilit\u00e9 - Marblo Culinair\",\"isPartOf\":{\"@id\":\"https:\/\/marblo.be\/fr\/#website\"},\"datePublished\":\"2020-05-11T14:14:01+00:00\",\"dateModified\":\"2020-06-10T14:50:37+00:00\",\"breadcrumb\":{\"@id\":\"https:\/\/marblo.be\/fr\/disclaimer\/#breadcrumb\"},\"inLanguage\":\"fr-FR\",\"potentialAction\":[{\"@type\":\"ReadAction\",\"target\":[\"https:\/\/marblo.be\/fr\/disclaimer\/\"]}]},{\"@type\":\"BreadcrumbList\",\"@id\":\"https:\/\/marblo.be\/fr\/disclaimer\/#breadcrumb\",\"itemListElement\":[{\"@type\":\"ListItem\",\"position\":1,\"name\":\"Home\",\"item\":\"https:\/\/marblo.be\/fr\/home\/\"},{\"@type\":\"ListItem\",\"position\":2,\"name\":\"Clause de non-responsabilit\u00e9\"}]},{\"@type\":\"WebSite\",\"@id\":\"https:\/\/marblo.be\/fr\/#website\",\"url\":\"https:\/\/marblo.be\/fr\/\",\"name\":\"Marblo Culinair\",\"description\":\"Votre ma\u00eetre cuisinier \u00e0 domicile\",\"potentialAction\":[{\"@type\":\"SearchAction\",\"target\":{\"@type\":\"EntryPoint\",\"urlTemplate\":\"https:\/\/marblo.be\/fr\/?s={search_term_string}\"},\"query-input\":\"required name=search_term_string\"}],\"inLanguage\":\"fr-FR\"}]}<\/script>\n<!-- \/ Yoast SEO plugin. -->","yoast_head_json":{"title":"Clause de non-responsabilit\u00e9 - Marblo Culinair","robots":{"index":"index","follow":"follow","max-snippet":"max-snippet:-1","max-image-preview":"max-image-preview:large","max-video-preview":"max-video-preview:-1"},"canonical":"https:\/\/marblo.be\/fr\/disclaimer\/","og_locale":"fr_FR","og_type":"article","og_title":"Clause de non-responsabilit\u00e9 - Marblo Culinair","og_description":"Ce site web est la propri\u00e9t\u00e9 de Willy Naessens Group. Informations personnelles: Willy Naessens Group Kouter 3 9790 Wortegem-Petegem Telefoon: +32 (0)56 694 111 Fax: +32 (0)56 689 466 E-mail:\u00a0info@willynaessens.be Ondernemingsnummer: BTW BE 0418 972 989 En acc\u00e9dant \u00e0 ce site web en l&rsquo;utilisant, vous marquez explicitement votre accord avec les conditions g\u00e9n\u00e9rales suivantes. Droits [&hellip;]","og_url":"https:\/\/marblo.be\/fr\/disclaimer\/","og_site_name":"Marblo Culinair","article_modified_time":"2020-06-10T14:50:37+00:00","twitter_card":"summary_large_image","twitter_misc":{"Dur\u00e9e de lecture estim\u00e9e":"5 minutes"},"schema":{"@context":"https:\/\/schema.org","@graph":[{"@type":"WebPage","@id":"https:\/\/marblo.be\/fr\/disclaimer\/","url":"https:\/\/marblo.be\/fr\/disclaimer\/","name":"Clause de non-responsabilit\u00e9 - Marblo Culinair","isPartOf":{"@id":"https:\/\/marblo.be\/fr\/#website"},"datePublished":"2020-05-11T14:14:01+00:00","dateModified":"2020-06-10T14:50:37+00:00","breadcrumb":{"@id":"https:\/\/marblo.be\/fr\/disclaimer\/#breadcrumb"},"inLanguage":"fr-FR","potentialAction":[{"@type":"ReadAction","target":["https:\/\/marblo.be\/fr\/disclaimer\/"]}]},{"@type":"BreadcrumbList","@id":"https:\/\/marblo.be\/fr\/disclaimer\/#breadcrumb","itemListElement":[{"@type":"ListItem","position":1,"name":"Home","item":"https:\/\/marblo.be\/fr\/home\/"},{"@type":"ListItem","position":2,"name":"Clause de non-responsabilit\u00e9"}]},{"@type":"WebSite","@id":"https:\/\/marblo.be\/fr\/#website","url":"https:\/\/marblo.be\/fr\/","name":"Marblo Culinair","description":"Votre ma\u00eetre cuisinier \u00e0 domicile","potentialAction":[{"@type":"SearchAction","target":{"@type":"EntryPoint","urlTemplate":"https:\/\/marblo.be\/fr\/?s={search_term_string}"},"query-input":"required name=search_term_string"}],"inLanguage":"fr-FR"}]}},"_links":{"self":[{"href":"https:\/\/marblo.be\/fr\/wp-json\/wp\/v2\/pages\/114"}],"collection":[{"href":"https:\/\/marblo.be\/fr\/wp-json\/wp\/v2\/pages"}],"about":[{"href":"https:\/\/marblo.be\/fr\/wp-json\/wp\/v2\/types\/page"}],"author":[{"embeddable":true,"href":"https:\/\/marblo.be\/fr\/wp-json\/wp\/v2\/users\/1"}],"replies":[{"embeddable":true,"href":"https:\/\/marblo.be\/fr\/wp-json\/wp\/v2\/comments?post=114"}],"version-history":[{"count":2,"href":"https:\/\/marblo.be\/fr\/wp-json\/wp\/v2\/pages\/114\/revisions"}],"predecessor-version":[{"id":210,"href":"https:\/\/marblo.be\/fr\/wp-json\/wp\/v2\/pages\/114\/revisions\/210"}],"wp:attachment":[{"href":"https:\/\/marblo.be\/fr\/wp-json\/wp\/v2\/media?parent=114"}],"curies":[{"name":"wp","href":"https:\/\/api.w.org\/{rel}","templated":true}]}}